{"id":154,"date":"2019-11-03T16:06:18","date_gmt":"2019-11-03T15:06:18","guid":{"rendered":"http:\/\/electrohm.fr\/?page_id=154"},"modified":"2019-11-03T19:55:13","modified_gmt":"2019-11-03T18:55:13","slug":"service-1","status":"publish","type":"page","link":"https:\/\/electrohm.fr\/?page_id=154","title":{"rendered":"Industrie"},"content":{"rendered":"\n<p>R\u00e9alisation de coffrets\/armoires \u00e9lectriques, c\u00e2blage de machines industrielles, pose de cheminement, tirage de c\u00e2bles, maintenance&#8230;<\/p>\n","protected":false},"excerpt":{"rendered":"<p>R\u00e9alisation de coffrets\/armoires \u00e9lectriques, c\u00e2blage de machines industrielles, pose de cheminement, tirage de c\u00e2bles, maintenance&#8230;<\/p>\n","protected":false},"author":2,"featured_media":0,"parent":0,"menu_order":1,"comment_status":"closed","ping_status":"closed","template":"templates\/flexible-lite-services.php","meta":{"footnotes":""},"_links":{"self":[{"href":"https:\/\/electrohm.fr\/index.php?rest_route=\/wp\/v2\/pages\/154"}],"collection":[{"href":"https:\/\/electrohm.fr\/index.php?rest_route=\/wp\/v2\/pages"}],"about":[{"href":"https:\/\/electrohm.fr\/index.php?rest_route=\/wp\/v2\/types\/page"}],"author":[{"embeddable":true,"href":"https:\/\/electrohm.fr\/index.php?rest_route=\/wp\/v2\/users\/2"}],"replies":[{"embeddable":true,"href":"https:\/\/electrohm.fr\/index.php?rest_route=%2Fwp%2Fv2%2Fcomments&post=154"}],"version-history":[{"count":3,"href":"https:\/\/electrohm.fr\/index.php?rest_route=\/wp\/v2\/pages\/154\/revisions"}],"predecessor-version":[{"id":227,"href":"https:\/\/electrohm.fr\/index.php?rest_route=\/wp\/v2\/pages\/154\/revisions\/227"}],"wp:attachment":[{"href":"https:\/\/electrohm.fr\/index.php?rest_route=%2Fwp%2Fv2%2Fmedia&parent=154"}],"curies":[{"name":"wp","href":"https:\/\/api.w.org\/{rel}","templated":true}]}}